{"id":951,"date":"2023-06-27T07:17:40","date_gmt":"2023-06-27T05:17:40","guid":{"rendered":"https:\/\/aquasaf.fr\/limpiador-de-alta-presion\/"},"modified":"2023-07-06T11:36:25","modified_gmt":"2023-07-06T09:36:25","slug":"limpiador-de-alta-presion","status":"publish","type":"page","link":"https:\/\/aquasaf.fr\/es\/limpiador-de-alta-presion\/","title":{"rendered":"Limpiador de alta presi\u00f3n"},"content":{"rendered":"<p>[et_pb_section fb_built=\u00bb1&#8243; fullwidth=\u00bbon\u00bb next_background_color=\u00bb#ffffff\u00bb _builder_version=\u00bb4.16&#8243; _module_preset=\u00bbdefault\u00bb background_image=\u00bbhttps:\/\/aquasaf.fr\/wp-content\/uploads\/2022\/08\/IMG_3637-scaled.jpeg\u00bb bottom_divider_style=\u00bbwave2&#8243; locked=\u00bboff\u00bb global_colors_info=\u00bb{}\u00bb][et_pb_fullwidth_header title=\u00bbLimpiador de alta presi\u00f3n con discos giratorios SUB 1500&#8243; text_orientation=\u00bbcenter\u00bb button_one_text=\u00bbCita\u00bb button_one_url=\u00bb@ET-DC@eyJkeW5hbWljIjp0cnVlLCJjb250ZW50IjoicG9zdF9saW5rX3VybF9wYWdlIiwic2V0dGluZ3MiOnsicG9zdF9pZCI6IjI0OCJ9fQ==@\u00bb button_two_text=\u00bbContactar\u00bb button_two_url=\u00bb@ET-DC@eyJkeW5hbWljIjp0cnVlLCJjb250ZW50IjoicG9zdF9saW5rX3VybF9wYWdlIiwic2V0dGluZ3MiOnsicG9zdF9pZCI6IjIxNSJ9fQ==@\u00bb logo_image_url=\u00bbhttps:\/\/aquasaf.fr\/wp-content\/uploads\/2022\/08\/logo-AQUAsaf-definitif-blanc-01.png\u00bb module_id=\u00bbhome-header\u00bb _builder_version=\u00bb4.16&#8243; _dynamic_attributes=\u00bbbutton_one_url,button_two_url\u00bb _module_preset=\u00bbdefault\u00bb title_font=\u00bbMontserrat|800||on|||||\u00bb title_font_size=\u00bb33px\u00bb subhead_font=\u00bb|700|||||||\u00bb subhead_font_size=\u00bb20px\u00bb background_color=\u00bbrgba(38,38,38,0.22)\u00bb title_text_shadow_style=\u00bbpreset1&#8243; subhead_text_shadow_style=\u00bbpreset1&#8243; global_colors_info=\u00bb{}\u00bb][\/et_pb_fullwidth_header][\/et_pb_section][et_pb_section fb_built=\u00bb1&#8243; _builder_version=\u00bb4.16&#8243; _module_preset=\u00bbdefault\u00bb locked=\u00bboff\u00bb global_colors_info=\u00bb{}\u00bb][et_pb_row column_structure=\u00bb2_5,3_5&#8243; _builder_version=\u00bb4.16&#8243; _module_preset=\u00bbdefault\u00bb global_colors_info=\u00bb{}\u00bb][et_pb_column type=\u00bb2_5&#8243; _builder_version=\u00bb4.16&#8243; _module_preset=\u00bbdefault\u00bb global_colors_info=\u00bb{}\u00bb][et_pb_image src=\u00bbhttps:\/\/aquasaf.fr\/wp-content\/uploads\/2022\/10\/photo-SUB1500.png\u00bb title_text=\u00bbphoto SUB1500&#8243; align=\u00bbcenter\u00bb _builder_version=\u00bb4.16&#8243; _module_preset=\u00bbdefault\u00bb border_radii=\u00bbon|26px|26px|26px|26px\u00bb global_colors_info=\u00bb{}\u00bb][\/et_pb_image][et_pb_image src=\u00bbhttps:\/\/aquasaf.fr\/wp-content\/uploads\/2022\/09\/doppelsub-ganz-klein-Kopie.jpg\u00bb title_text=\u00bbdoppelsub ganz klein Kopie\u00bb _builder_version=\u00bb4.16&#8243; _module_preset=\u00bbdefault\u00bb border_radii=\u00bbon|26px|26px|26px|26px\u00bb global_colors_info=\u00bb{}\u00bb][\/et_pb_image][\/et_pb_column][et_pb_column type=\u00bb3_5&#8243; _builder_version=\u00bb4.16&#8243; _module_preset=\u00bbdefault\u00bb global_colors_info=\u00bb{}\u00bb][et_pb_text _builder_version=\u00bb4.21.0&#8243; _module_preset=\u00bbdefault\u00bb header_2_font=\u00bbMontserrat|800|||||||\u00bb header_3_font=\u00bb|700|||||||\u00bb custom_margin=\u00bb||10px||false|false\u00bb custom_padding=\u00bb|||0px||\u00bb hover_enabled=\u00bb0&#8243; global_colors_info=\u00bb{}\u00bb sticky_enabled=\u00bb0&#8243;]<\/p>\n<h3><strong>Limpiador de alta presi\u00f3n con discos giratorios SUB 1500<\/strong><\/h3>\n<p><strong>SUB 1500\u2026 Y RAPIDAMENTE LA LIMPIEZA DE LAS PISCINAS BIOL\u00d3GICAS SE CONVIERTE EN UN PLACER<\/strong><\/p>\n<p>SUB 1500\u2026 Y RAPIDAMENTE LA LIMPIEZA DE LAS PISCINAS BIOL\u00d3GICAS SE CONVIERTE EN UN PLACER<\/p>\n<p>El SUB 1500 es un aparato de uno o dos discos giratorios, equipado con boquillas de alta presi\u00f3n, especialmente desarrollado para la limpieza de paredes y suelos de zonas de ba\u00f1os con tratamiento biol\u00f3gico, p\u00fablicos y privados.<\/p>\n<p>La limpieza se realiza con agua a alta presi\u00f3n, especialmente cuidadosa con los revestimientos de las piscinas.<\/p>\n<p>\u00a1No hay necesidad de raspar o cepillar!<\/p>\n<p>El SUB se succiona autom\u00e1ticamente contra la pared de la piscina y luego se puede mover sin esfuerzo usando la varilla en la direcci\u00f3n deseada, sin tener que empujar o tirar.<\/p>\n<p><span class=\"y2iqfc\"><span lang=\"ES\" style=\"font-size: 12.0pt; font-family: 'Times New Roman',serif;\">Las limpiadoras de alta presi\u00f3n hechas a medida para la SUB 1500 garantizan un rendimiento de limpieza \u00f3ptimo: \u00a1la bomba de alta presi\u00f3n especial, las mangueras HP especiales, la presi\u00f3n y el caudal de agua de la limpiadora de alta presi\u00f3n se adaptan a las boquillas de limpieza de la SUB 1500!<\/span><\/span><\/p>\n<p>&nbsp;<\/p>\n<p>El SUB1500<\/p>\n<ul>\n<li>libera paredes y suelos de dep\u00f3sitos resbaladizos, algas y dep\u00f3sitos de todo tipo<\/li>\n<li>proporciona, en muy poco tiempo, una limpieza profunda de los poros, y por lo tanto una superficie antideslizante<\/li>\n<li>garantiza superficies limpias que permanecen limpias durante mucho tiempo. Las algas y los dep\u00f3sitos regresan mucho m\u00e1s tarde que despu\u00e9s de limpiar con cepillos giratorios<\/li>\n<li>se caracteriza por un manejo especialmente f\u00e1cil y autoaspiraci\u00f3n en las superficies de las paredes<\/li>\n<\/ul>\n<p>Ofrecemos tres modelos diferentes del SUB 1500:<\/p>\n<ul>\n<li>SUB 1500 con opci\u00f3n de aspiraci\u00f3n para eliminar inmediatamente la suciedad de la cubeta. (Tambi\u00e9n es necesaria una bomba de agua sucia o un aspirador de agua muy potente, cons\u00faltenos).<\/li>\n<li>SUB 1500 sin posibilidad de aspiraci\u00f3n. El material suelto se asienta primero en la cubeta y luego debe aspirarse.<\/li>\n<li>SUB 1500 con dos discos giratorios<\/li>\n<\/ul>\n<p>[\/et_pb_text][et_pb_button button_url=\u00bbhttps:\/\/www.youtube.com\/watch?v=mp1bPqieOF4&amp;t=195s\u00bb url_new_window=\u00bbon\u00bb button_text=\u00bb\u00bf M\u00e1s informaci\u00f3n\u00bb _builder_version=\u00bb4.16&#8243; _module_preset=\u00bbdefault\u00bb custom_button=\u00bbon\u00bb button_text_size=\u00bb15px\u00bb global_colors_info=\u00bb{}\u00bb][\/et_pb_button][\/et_pb_column][\/et_pb_row][\/et_pb_section]<\/p>\n","protected":false},"excerpt":{"rendered":"<p>Limpiador de alta presi\u00f3n con discos giratorios SUB 1500 SUB 1500\u2026 Y RAPIDAMENTE LA LIMPIEZA DE LAS PISCINAS BIOL\u00d3GICAS SE CONVIERTE EN UN PLACER SUB 1500\u2026 Y RAPIDAMENTE LA LIMPIEZA DE LAS PISCINAS BIOL\u00d3GICAS SE CONVIERTE EN UN PLACER El SUB 1500 es un aparato de uno o dos discos giratorios, equipado con boquillas de [&hellip;]<\/p>\n","protected":false},"author":2,"featured_media":0,"parent":0,"menu_order":0,"comment_status":"closed","ping_status":"closed","template":"","meta":{"_seopress_robots_primary_cat":"","_seopress_titles_title":"","_seopress_titles_desc":"","_seopress_robots_index":"","_et_pb_use_builder":"on","_et_pb_old_content":"","_et_gb_content_width":"","footnotes":""},"class_list":["post-951","page","type-page","status-publish","hentry"],"_links":{"self":[{"href":"https:\/\/aquasaf.fr\/es\/wp-json\/wp\/v2\/pages\/951","targetHints":{"allow":["GET"]}}],"collection":[{"href":"https:\/\/aquasaf.fr\/es\/wp-json\/wp\/v2\/pages"}],"about":[{"href":"https:\/\/aquasaf.fr\/es\/wp-json\/wp\/v2\/types\/page"}],"author":[{"embeddable":true,"href":"https:\/\/aquasaf.fr\/es\/wp-json\/wp\/v2\/users\/2"}],"replies":[{"embeddable":true,"href":"https:\/\/aquasaf.fr\/es\/wp-json\/wp\/v2\/comments?post=951"}],"version-history":[{"count":7,"href":"https:\/\/aquasaf.fr\/es\/wp-json\/wp\/v2\/pages\/951\/revisions"}],"predecessor-version":[{"id":1105,"href":"https:\/\/aquasaf.fr\/es\/wp-json\/wp\/v2\/pages\/951\/revisions\/1105"}],"wp:attachment":[{"href":"https:\/\/aquasaf.fr\/es\/wp-json\/wp\/v2\/media?parent=951"}],"curies":[{"name":"wp","href":"https:\/\/api.w.org\/{rel}","templated":true}]}}