{"id":948,"date":"2023-06-27T07:14:05","date_gmt":"2023-06-27T05:14:05","guid":{"rendered":"https:\/\/aquasaf.fr\/vainas-flexibles-y-abrazaderas\/"},"modified":"2023-06-27T07:14:05","modified_gmt":"2023-06-27T05:14:05","slug":"vainas-flexibles-y-abrazaderas","status":"publish","type":"page","link":"https:\/\/aquasaf.fr\/es\/vainas-flexibles-y-abrazaderas\/","title":{"rendered":"Vainas flexibles y abrazaderas"},"content":{"rendered":"<p>[et_pb_section fb_built=\u00bb1&#8243; fullwidth=\u00bbon\u00bb next_background_color=\u00bb#ffffff\u00bb _builder_version=\u00bb4.9.10&#8243; _module_preset=\u00bbdefault\u00bb background_image=\u00bbhttps:\/\/aquasaf.fr\/wp-content\/uploads\/2022\/09\/AdobeStock_491317772-scaled.jpeg\u00bb bottom_divider_style=\u00bbwave2&#8243; locked=\u00bboff\u00bb][et_pb_fullwidth_header title=\u00bbVainas flexibles y abrazaderas\u00bb text_orientation=\u00bbcenter\u00bb button_one_text=\u00bbCita\u00bb button_one_url=\u00bb@ET-DC@eyJkeW5hbWljIjp0cnVlLCJjb250ZW50IjoicG9zdF9saW5rX3VybF9wYWdlIiwic2V0dGluZ3MiOnsicG9zdF9pZCI6IjI0OCJ9fQ==@\u00bb button_two_text=\u00bbContactar\u00bb button_two_url=\u00bb@ET-DC@eyJkeW5hbWljIjp0cnVlLCJjb250ZW50IjoicG9zdF9saW5rX3VybF9wYWdlIiwic2V0dGluZ3MiOnsicG9zdF9pZCI6IjIxNSJ9fQ==@\u00bb logo_image_url=\u00bbhttps:\/\/aquasaf.fr\/wp-content\/uploads\/2022\/08\/logo-AQUAsaf-definitif-blanc-01.png\u00bb module_id=\u00bbhome-header\u00bb _builder_version=\u00bb4.9.10&#8243; _dynamic_attributes=\u00bbbutton_one_url,button_two_url\u00bb _module_preset=\u00bbdefault\u00bb title_font=\u00bbMontserrat|800||on|||||\u00bb title_font_size=\u00bb33px\u00bb subhead_font=\u00bb|700|||||||\u00bb subhead_font_size=\u00bb20px\u00bb background_color=\u00bbrgba(38,38,38,0.22)\u00bb title_text_shadow_style=\u00bbpreset1&#8243; subhead_text_shadow_style=\u00bbpreset1&#8243;][\/et_pb_fullwidth_header][\/et_pb_section][et_pb_section fb_built=\u00bb1&#8243; _builder_version=\u00bb4.9.10&#8243; _module_preset=\u00bbdefault\u00bb locked=\u00bboff\u00bb][et_pb_row _builder_version=\u00bb4.9.10&#8243; _module_preset=\u00bbdefault\u00bb][et_pb_column type=\u00bb4_4&#8243; _builder_version=\u00bb4.9.10&#8243; _module_preset=\u00bbdefault\u00bb][et_pb_text _builder_version=\u00bb4.9.10&#8243; _module_preset=\u00bbdefault\u00bb]<\/p>\n<h3>Vainas flexibles y abrazaderas<\/h3>\n<p>Tras una extensa investigaci\u00f3n, ahora estamos en condiciones de ofrecer, con las vainas y manguitos de la gama AQUASAF N (vainas con espirales de PVC), la mejor vaina muy flexible para la conexi\u00f3n de nuestros sifones, econ\u00f3mica, de una vida media de dos a tres a\u00f1os, dependiendo de la exposici\u00f3n a los rayos UV, la dureza del agua en la que se colocan y la tensi\u00f3n durante el montaje. Nuestros conductos y manguitos, as\u00ed como sus abrazaderas, est\u00e1n disponibles de serie en di\u00e1metros de 110, 125, 160 y 200 mm. Para otros di\u00e1metros, cons\u00faltenos.<\/p>\n<p>[\/et_pb_text][\/et_pb_column][\/et_pb_row][et_pb_row column_structure=\u00bb2_5,3_5&#8243; _builder_version=\u00bb4.9.10&#8243; _module_preset=\u00bbdefault\u00bb][et_pb_column type=\u00bb2_5&#8243; _builder_version=\u00bb4.9.10&#8243; _module_preset=\u00bbdefault\u00bb][et_pb_image src=\u00bbhttps:\/\/aquasaf.fr\/wp-content\/uploads\/2022\/09\/tuyayx-souples-AQUASAF.jpg\u00bb title_text=\u00bbtuyayx souples AQUASAF\u00bb _builder_version=\u00bb4.9.10&#8243; _module_preset=\u00bbdefault\u00bb border_radii=\u00bbon|26px|26px|26px|26px\u00bb][\/et_pb_image][\/et_pb_column][et_pb_column type=\u00bb3_5&#8243; _builder_version=\u00bb4.9.10&#8243; _module_preset=\u00bbdefault\u00bb][et_pb_text _builder_version=\u00bb4.9.10&#8243; _module_preset=\u00bbdefault\u00bb header_2_font=\u00bbMontserrat|800|||||||\u00bb header_3_font=\u00bb|700|||||||\u00bb custom_margin=\u00bb||10px||false|false\u00bb]<\/p>\n<h3><strong style=\"font-size: 16px;\">Materiales :<\/strong><\/h3>\n<div class=\"page\" title=\"Page 1\">\n<div class=\"section\">\n<div class=\"layoutArea\">\n<div class=\"column\">\n<p>PVC<\/p>\n<p><strong>Dimensions :<br \/><\/strong>Di\u00e1metros 110, 125, 160 y 200.<br \/>Longitudes seg\u00fan pedido<\/p>\n<p>&nbsp;<\/p>\n<\/div>\n<\/div>\n<\/div>\n<\/div>\n<p>[\/et_pb_text][et_pb_button button_url=\u00bbhttps:\/\/aquasaf.fr\/wp-content\/uploads\/2022\/10\/REMPLACER-UNE-GAINE-SOUPLE.pdf\u00bb url_new_window=\u00bbon\u00bb button_text=\u00bb\u00bf M\u00e1s informaci\u00f3n\u00bb _builder_version=\u00bb4.9.10&#8243; _module_preset=\u00bbdefault\u00bb custom_button=\u00bbon\u00bb button_text_size=\u00bb15px\u00bb hover_enabled=\u00bb0&#8243; sticky_enabled=\u00bb0&#8243;][\/et_pb_button][\/et_pb_column][\/et_pb_row][\/et_pb_section]<\/p>\n","protected":false},"excerpt":{"rendered":"<p>Vainas flexibles y abrazaderas Tras una extensa investigaci\u00f3n, ahora estamos en condiciones de ofrecer, con las vainas y manguitos de la gama AQUASAF N (vainas con espirales de PVC), la mejor vaina muy flexible para la conexi\u00f3n de nuestros sifones, econ\u00f3mica, de una vida media de dos a tres a\u00f1os, dependiendo de la exposici\u00f3n a [&hellip;]<\/p>\n","protected":false},"author":1,"featured_media":0,"parent":0,"menu_order":0,"comment_status":"closed","ping_status":"closed","template":"","meta":{"_seopress_robots_primary_cat":"","_seopress_titles_title":"","_seopress_titles_desc":"","_seopress_robots_index":"","_et_pb_use_builder":"on","_et_pb_old_content":"","_et_gb_content_width":"","footnotes":""},"class_list":["post-948","page","type-page","status-publish","hentry"],"_links":{"self":[{"href":"https:\/\/aquasaf.fr\/es\/wp-json\/wp\/v2\/pages\/948","targetHints":{"allow":["GET"]}}],"collection":[{"href":"https:\/\/aquasaf.fr\/es\/wp-json\/wp\/v2\/pages"}],"about":[{"href":"https:\/\/aquasaf.fr\/es\/wp-json\/wp\/v2\/types\/page"}],"author":[{"embeddable":true,"href":"https:\/\/aquasaf.fr\/es\/wp-json\/wp\/v2\/users\/1"}],"replies":[{"embeddable":true,"href":"https:\/\/aquasaf.fr\/es\/wp-json\/wp\/v2\/comments?post=948"}],"version-history":[{"count":2,"href":"https:\/\/aquasaf.fr\/es\/wp-json\/wp\/v2\/pages\/948\/revisions"}],"predecessor-version":[{"id":950,"href":"https:\/\/aquasaf.fr\/es\/wp-json\/wp\/v2\/pages\/948\/revisions\/950"}],"wp:attachment":[{"href":"https:\/\/aquasaf.fr\/es\/wp-json\/wp\/v2\/media?parent=948"}],"curies":[{"name":"wp","href":"https:\/\/api.w.org\/{rel}","templated":true}]}}