{"id":942,"date":"2023-06-27T07:11:17","date_gmt":"2023-06-27T05:11:17","guid":{"rendered":"https:\/\/aquasaf.fr\/pantallas\/"},"modified":"2023-06-27T15:42:35","modified_gmt":"2023-06-27T13:42:35","slug":"pantallas","status":"publish","type":"page","link":"https:\/\/aquasaf.fr\/es\/pantallas\/","title":{"rendered":"Pantallas"},"content":{"rendered":"<p>[et_pb_section fb_built=\u00bb1&#8243; fullwidth=\u00bbon\u00bb next_background_color=\u00bb#ffffff\u00bb _builder_version=\u00bb4.9.10&#8243; _module_preset=\u00bbdefault\u00bb background_image=\u00bbhttps:\/\/aquasaf.fr\/wp-content\/uploads\/2022\/09\/AdobeStock_491317772-scaled.jpeg\u00bb bottom_divider_style=\u00bbwave2&#8243; locked=\u00bboff\u00bb][et_pb_fullwidth_header title=\u00bbPantallas \u00bb text_orientation=\u00bbcenter\u00bb button_one_text=\u00bbCita\u00bb button_one_url=\u00bb@ET-DC@eyJkeW5hbWljIjp0cnVlLCJjb250ZW50IjoicG9zdF9saW5rX3VybF9wYWdlIiwic2V0dGluZ3MiOnsicG9zdF9pZCI6IjI0OCJ9fQ==@\u00bb button_two_text=\u00bbContactar\u00bb button_two_url=\u00bb@ET-DC@eyJkeW5hbWljIjp0cnVlLCJjb250ZW50IjoicG9zdF9saW5rX3VybF9wYWdlIiwic2V0dGluZ3MiOnsicG9zdF9pZCI6IjIxNSJ9fQ==@\u00bb logo_image_url=\u00bbhttps:\/\/aquasaf.fr\/wp-content\/uploads\/2022\/08\/logo-AQUAsaf-definitif-blanc-01.png\u00bb module_id=\u00bbhome-header\u00bb _builder_version=\u00bb4.9.10&#8243; _dynamic_attributes=\u00bbbutton_one_url,button_two_url\u00bb _module_preset=\u00bbdefault\u00bb title_font=\u00bbMontserrat|800||on|||||\u00bb title_font_size=\u00bb33px\u00bb subhead_font=\u00bb|700|||||||\u00bb subhead_font_size=\u00bb20px\u00bb background_color=\u00bbrgba(38,38,38,0.22)\u00bb title_text_shadow_style=\u00bbpreset1&#8243; subhead_text_shadow_style=\u00bbpreset1&#8243;][\/et_pb_fullwidth_header][\/et_pb_section][et_pb_section fb_built=\u00bb1&#8243; _builder_version=\u00bb4.9.10&#8243; _module_preset=\u00bbdefault\u00bb locked=\u00bboff\u00bb][et_pb_row _builder_version=\u00bb4.9.10&#8243; _module_preset=\u00bbdefault\u00bb][et_pb_column type=\u00bb4_4&#8243; _builder_version=\u00bb4.9.10&#8243; _module_preset=\u00bbdefault\u00bb][et_pb_text _builder_version=\u00bb4.9.10&#8243; _module_preset=\u00bbdefault\u00bb]<\/p>\n<h3>Pantallas PEAD<\/h3>\n<p style=\"text-align: justify;\">El marco de nuestras pantallas manuales, en el que se conectan las tuber\u00edas de entrada y salida (di\u00e1metros a especificar en el pedido) est\u00e1 hecho de placas de PEAD, lo que hace que la estructura sea m\u00e1s ligera y econ\u00f3mica que las estructuras comparables de hormig\u00f3n. Las rejillas de acero inoxidable tienen un espacio de aire de 40 mm, compatible con nuestros sifones y estaciones de filtraci\u00f3n plantadas, al tiempo que permite la limpieza cada pocos d\u00edas. Con la pantalla se entrega un rastrillo adaptado al entrehierro de la criba para facilitar la eliminaci\u00f3n de los residuos de cribado as\u00ed como un cesto escurridor de residuos de cribado, ambos en acero inoxidable.<\/p>\n<p>[\/et_pb_text][\/et_pb_column][\/et_pb_row][et_pb_row column_structure=\u00bb2_5,3_5&#8243; _builder_version=\u00bb4.9.10&#8243; _module_preset=\u00bbdefault\u00bb][et_pb_column type=\u00bb2_5&#8243; _builder_version=\u00bb4.9.10&#8243; _module_preset=\u00bbdefault\u00bb][et_pb_image src=\u00bbhttps:\/\/aquasaf.fr\/wp-content\/uploads\/2022\/08\/Photo-Degrilleur-PEHD-3.jpg\u00bb title_text=\u00bbPhoto Degrilleur PEHD-3&#8243; _builder_version=\u00bb4.9.10&#8243; _module_preset=\u00bbdefault\u00bb border_radii=\u00bbon|26px|26px|26px|26px\u00bb][\/et_pb_image][et_pb_image src=\u00bbhttps:\/\/aquasaf.fr\/wp-content\/uploads\/2022\/08\/Photo-Degrilleur-PEHD-2.jpg\u00bb title_text=\u00bbPhoto Degrilleur PEHD-2&#8243; _builder_version=\u00bb4.9.10&#8243; _module_preset=\u00bbdefault\u00bb border_radii=\u00bbon|26px|26px|26px|26px\u00bb][\/et_pb_image][\/et_pb_column][et_pb_column type=\u00bb3_5&#8243; _builder_version=\u00bb4.9.10&#8243; _module_preset=\u00bbdefault\u00bb][et_pb_text _builder_version=\u00bb4.9.10&#8243; _module_preset=\u00bbdefault\u00bb header_2_font=\u00bbMontserrat|800|||||||\u00bb header_3_font=\u00bb|700|||||||\u00bb custom_margin=\u00bb||10px||false|false\u00bb]<\/p>\n<h3><strong style=\"font-size: 16px;\">Materiales :<\/strong><\/h3>\n<div class=\"page\" title=\"Page 1\">\n<div class=\"section\">\n<div class=\"layoutArea\">\n<div class=\"column\">\n<p>PEAD y acero inoxidable 316 L<\/p>\n<p><strong>Dimensiones:<br \/><\/strong>Largo. 1250 mm x Ancho. 530 mm x Altura: 500 mm<\/p>\n<p><strong>Pendiente del fondo del canal:<\/strong><br \/>5 %, Ancho del canal: 300 mm, Rebosadero: aprox. 10 mm<\/p>\n<p><strong>Di\u00e1metro de barras de rejillas de ACERO INOXIDABLE 316L:<\/strong><br \/>12 mm, espacio de aire: 40 mm<\/p>\n<p><strong>Cesta de pantalla:<br \/><\/strong>Largo. 200 mm x Ancho. 380 mm x Altura: 200 mm con orificios de 10 mm<\/p>\n<\/div>\n<\/div>\n<\/div>\n<\/div>\n<p>[\/et_pb_text][et_pb_button button_url=\u00bbhttps:\/\/aquasaf.fr\/wp-content\/uploads\/2023\/06\/Fiche-technique-degrilleur-PE-HD.pdf\u00bb button_text=\u00bb\u00bf M\u00e1s informaci\u00f3n\u00bb _builder_version=\u00bb4.9.10&#8243; _module_preset=\u00bbdefault\u00bb custom_button=\u00bbon\u00bb button_text_size=\u00bb15px\u00bb hover_enabled=\u00bb0&#8243; url_new_window=\u00bbon\u00bb sticky_enabled=\u00bb0&#8243;][\/et_pb_button][\/et_pb_column][\/et_pb_row][\/et_pb_section]<\/p>\n","protected":false},"excerpt":{"rendered":"<p>Pantallas PEAD El marco de nuestras pantallas manuales, en el que se conectan las tuber\u00edas de entrada y salida (di\u00e1metros a especificar en el pedido) est\u00e1 hecho de placas de PEAD, lo que hace que la estructura sea m\u00e1s ligera y econ\u00f3mica que las estructuras comparables de hormig\u00f3n. Las rejillas de acero inoxidable tienen un [&hellip;]<\/p>\n","protected":false},"author":2,"featured_media":0,"parent":0,"menu_order":0,"comment_status":"closed","ping_status":"closed","template":"","meta":{"_seopress_robots_primary_cat":"","_seopress_titles_title":"","_seopress_titles_desc":"","_seopress_robots_index":"","_et_pb_use_builder":"on","_et_pb_old_content":"","_et_gb_content_width":"","footnotes":""},"class_list":["post-942","page","type-page","status-publish","hentry"],"_links":{"self":[{"href":"https:\/\/aquasaf.fr\/es\/wp-json\/wp\/v2\/pages\/942","targetHints":{"allow":["GET"]}}],"collection":[{"href":"https:\/\/aquasaf.fr\/es\/wp-json\/wp\/v2\/pages"}],"about":[{"href":"https:\/\/aquasaf.fr\/es\/wp-json\/wp\/v2\/types\/page"}],"author":[{"embeddable":true,"href":"https:\/\/aquasaf.fr\/es\/wp-json\/wp\/v2\/users\/2"}],"replies":[{"embeddable":true,"href":"https:\/\/aquasaf.fr\/es\/wp-json\/wp\/v2\/comments?post=942"}],"version-history":[{"count":11,"href":"https:\/\/aquasaf.fr\/es\/wp-json\/wp\/v2\/pages\/942\/revisions"}],"predecessor-version":[{"id":1032,"href":"https:\/\/aquasaf.fr\/es\/wp-json\/wp\/v2\/pages\/942\/revisions\/1032"}],"wp:attachment":[{"href":"https:\/\/aquasaf.fr\/es\/wp-json\/wp\/v2\/media?parent=942"}],"curies":[{"name":"wp","href":"https:\/\/api.w.org\/{rel}","templated":true}]}}