{"id":939,"date":"2023-06-27T07:08:02","date_gmt":"2023-06-27T05:08:02","guid":{"rendered":"https:\/\/aquasaf.fr\/contadores-de-vaciados-mecanicos\/"},"modified":"2023-06-27T15:41:59","modified_gmt":"2023-06-27T13:41:59","slug":"contadores-de-vaciados-mecanicos","status":"publish","type":"page","link":"https:\/\/aquasaf.fr\/es\/contadores-de-vaciados-mecanicos\/","title":{"rendered":"Contadores de vaciados mec\u00e1nicos"},"content":{"rendered":"<p>[et_pb_section fb_built=\u00bb1&#8243; fullwidth=\u00bbon\u00bb next_background_color=\u00bb#ffffff\u00bb _builder_version=\u00bb4.9.10&#8243; _module_preset=\u00bbdefault\u00bb background_image=\u00bbhttps:\/\/aquasaf.fr\/wp-content\/uploads\/2022\/09\/AdobeStock_491317772-scaled.jpeg\u00bb bottom_divider_style=\u00bbwave2&#8243; locked=\u00bboff\u00bb][et_pb_fullwidth_header title=\u00bbContadores de vaciados mec\u00e1nicos\u00bb text_orientation=\u00bbcenter\u00bb button_one_text=\u00bbCita\u00bb button_one_url=\u00bb@ET-DC@eyJkeW5hbWljIjp0cnVlLCJjb250ZW50IjoicG9zdF9saW5rX3VybF9wYWdlIiwic2V0dGluZ3MiOnsicG9zdF9pZCI6IjI0OCJ9fQ==@\u00bb button_two_text=\u00bbContactar\u00bb button_two_url=\u00bb@ET-DC@eyJkeW5hbWljIjp0cnVlLCJjb250ZW50IjoicG9zdF9saW5rX3VybF9wYWdlIiwic2V0dGluZ3MiOnsicG9zdF9pZCI6IjIxNSJ9fQ==@\u00bb logo_image_url=\u00bbhttps:\/\/aquasaf.fr\/wp-content\/uploads\/2022\/08\/logo-AQUAsaf-definitif-blanc-01.png\u00bb module_id=\u00bbhome-header\u00bb _builder_version=\u00bb4.9.10&#8243; _dynamic_attributes=\u00bbbutton_one_url,button_two_url\u00bb _module_preset=\u00bbdefault\u00bb title_font=\u00bbMontserrat|800||on|||||\u00bb title_font_size=\u00bb33px\u00bb subhead_font=\u00bb|700|||||||\u00bb subhead_font_size=\u00bb20px\u00bb background_color=\u00bbrgba(38,38,38,0.22)\u00bb title_text_shadow_style=\u00bbpreset1&#8243; subhead_text_shadow_style=\u00bbpreset1&#8243;][\/et_pb_fullwidth_header][\/et_pb_section][et_pb_section fb_built=\u00bb1&#8243; _builder_version=\u00bb4.9.10&#8243; _module_preset=\u00bbdefault\u00bb locked=\u00bboff\u00bb][et_pb_row column_structure=\u00bb2_5,3_5&#8243; _builder_version=\u00bb4.9.10&#8243; _module_preset=\u00bbdefault\u00bb][et_pb_column type=\u00bb2_5&#8243; _builder_version=\u00bb4.9.10&#8243; _module_preset=\u00bbdefault\u00bb][et_pb_image src=\u00bbhttps:\/\/aquasaf.fr\/wp-content\/uploads\/2022\/09\/COMPTEUR-DE-BACHEES-MECHANIQUE-CHEMINER.jpg\u00bb title_text=\u00bbContadores de vaciados mec\u00e1nicos\u00bb _builder_version=\u00bb4.9.10&#8243; _module_preset=\u00bbdefault\u00bb custom_margin=\u00bb-1px|||||\u00bb border_radii=\u00bbon|26px|26px|26px|26px\u00bb][\/et_pb_image][\/et_pb_column][et_pb_column type=\u00bb3_5&#8243; _builder_version=\u00bb4.9.10&#8243; _module_preset=\u00bbdefault\u00bb][et_pb_text _builder_version=\u00bb4.9.10&#8243; _module_preset=\u00bbdefault\u00bb header_2_font=\u00bbMontserrat|800|||||||\u00bb header_3_font=\u00bb|700|||||||\u00bb custom_margin=\u00bb||10px||false|false\u00bb]<\/p>\n<p>Contadores de vaciados mec\u00e1nicos<\/p>\n<div class=\"page\" title=\"Page 1\">\n<div class=\"section\">\n<div class=\"layoutArea\">\n<div class=\"column\">\n<p style=\"text-align: justify;\"><b>Principio de funcionamiento<br \/><\/b>Un flotador est\u00e1 conectado por un cable de acero inoxidable a la palanca del contador.<\/p>\n<p style=\"text-align: justify;\">Con cada tanque, cuando el nivel del agua desciende en la estructura, el flotador que baja act\u00faa sobre la palanca, haciendo que los n\u00fameros del contador se desplacen de esta manera: cada unidad en el medidor corresponde a un vaciado.<\/p>\n<p style=\"text-align: justify;\"><b>Materiales usados<\/p>\n<p><\/b>Tubos de PEAD, tornillos de acero inoxidable, caja de numeraci\u00f3n impermeable con eje y palanca de acero inoxidable.<\/p>\n<p style=\"text-align: justify;\">Nuestros contadores mec\u00e1nicos de vaciados han sido mejorados constantemente desde que se pusieron en el mercado los primeros modelos, lo que les confiere una gran fiabilidad en la actualidad. Por eso, nuestros contadores de vaciados son hoy en d\u00eda los contadores mec\u00e1nicos m\u00e1s vendidos en Francia. Las \u00faltimas mejoras se refieren a la sustituci\u00f3n del hilo de nylon, que conecta el totalizador al flotador, por un cable de acero inoxidable, para evitar la rotura y p\u00e9rdida del flotador, as\u00ed como al uso de un totalizador estanco a las proyecciones de agua y al polvo.<\/p>\n<p style=\"text-align: justify;\">\u00a0<\/p>\n<\/div>\n<\/div>\n<\/div>\n<\/div>\n<p>[\/et_pb_text][et_pb_button button_url=\u00bbhttps:\/\/aquasaf.fr\/wp-content\/uploads\/2023\/06\/ES_COMPTEUR-DE-BACHEES-MEC-model-011-avec-boitier-etanche.pdf\u00bb url_new_window=\u00bbon\u00bb button_text=\u00bb\u00bf M\u00e1s informaci\u00f3n\u00bb _builder_version=\u00bb4.9.10&#8243; _module_preset=\u00bbdefault\u00bb custom_button=\u00bbon\u00bb button_text_size=\u00bb15px\u00bb][\/et_pb_button][\/et_pb_column][\/et_pb_row][\/et_pb_section]<\/p>\n","protected":false},"excerpt":{"rendered":"<p>Contadores de vaciados mec\u00e1nicos Principio de funcionamientoUn flotador est\u00e1 conectado por un cable de acero inoxidable a la palanca del contador. Con cada tanque, cuando el nivel del agua desciende en la estructura, el flotador que baja act\u00faa sobre la palanca, haciendo que los n\u00fameros del contador se desplacen de esta manera: cada unidad en [&hellip;]<\/p>\n","protected":false},"author":2,"featured_media":0,"parent":0,"menu_order":0,"comment_status":"closed","ping_status":"closed","template":"","meta":{"_seopress_robots_primary_cat":"","_seopress_titles_title":"","_seopress_titles_desc":"","_seopress_robots_index":"","_et_pb_use_builder":"on","_et_pb_old_content":"","_et_gb_content_width":"","footnotes":""},"class_list":["post-939","page","type-page","status-publish","hentry"],"_links":{"self":[{"href":"https:\/\/aquasaf.fr\/es\/wp-json\/wp\/v2\/pages\/939","targetHints":{"allow":["GET"]}}],"collection":[{"href":"https:\/\/aquasaf.fr\/es\/wp-json\/wp\/v2\/pages"}],"about":[{"href":"https:\/\/aquasaf.fr\/es\/wp-json\/wp\/v2\/types\/page"}],"author":[{"embeddable":true,"href":"https:\/\/aquasaf.fr\/es\/wp-json\/wp\/v2\/users\/2"}],"replies":[{"embeddable":true,"href":"https:\/\/aquasaf.fr\/es\/wp-json\/wp\/v2\/comments?post=939"}],"version-history":[{"count":8,"href":"https:\/\/aquasaf.fr\/es\/wp-json\/wp\/v2\/pages\/939\/revisions"}],"predecessor-version":[{"id":1026,"href":"https:\/\/aquasaf.fr\/es\/wp-json\/wp\/v2\/pages\/939\/revisions\/1026"}],"wp:attachment":[{"href":"https:\/\/aquasaf.fr\/es\/wp-json\/wp\/v2\/media?parent=939"}],"curies":[{"name":"wp","href":"https:\/\/api.w.org\/{rel}","templated":true}]}}