{"id":936,"date":"2023-06-27T07:04:50","date_gmt":"2023-06-27T05:04:50","guid":{"rendered":"https:\/\/aquasaf.fr\/sifones-de-agua-cruda-patentados\/"},"modified":"2023-06-27T15:41:34","modified_gmt":"2023-06-27T13:41:34","slug":"sifones-de-agua-cruda-patentados","status":"publish","type":"page","link":"https:\/\/aquasaf.fr\/es\/sifones-de-agua-cruda-patentados\/","title":{"rendered":"Sifones de agua cruda (patentados)"},"content":{"rendered":"<p>[et_pb_section fb_built=\u00bb1&#8243; fullwidth=\u00bbon\u00bb next_background_color=\u00bb#ffffff\u00bb _builder_version=\u00bb4.16&#8243; _module_preset=\u00bbdefault\u00bb background_image=\u00bbhttps:\/\/aquasaf.fr\/wp-content\/uploads\/2022\/09\/AdobeStock_491317772-scaled.jpeg\u00bb bottom_divider_style=\u00bbwave2&#8243; locked=\u00bboff\u00bb global_colors_info=\u00bb{}\u00bb][et_pb_fullwidth_header title=\u00bbSifones de agua cruda\u00bb text_orientation=\u00bbcenter\u00bb button_one_text=\u00bbCita\u00bb button_one_url=\u00bb@ET-DC@eyJkeW5hbWljIjp0cnVlLCJjb250ZW50IjoicG9zdF9saW5rX3VybF9wYWdlIiwic2V0dGluZ3MiOnsicG9zdF9pZCI6IjI0OCJ9fQ==@\u00bb button_two_text=\u00bbContactar\u00bb button_two_url=\u00bb@ET-DC@eyJkeW5hbWljIjp0cnVlLCJjb250ZW50IjoicG9zdF9saW5rX3VybF9wYWdlIiwic2V0dGluZ3MiOnsicG9zdF9pZCI6IjIxNSJ9fQ==@\u00bb logo_image_url=\u00bbhttps:\/\/aquasaf.fr\/wp-content\/uploads\/2022\/08\/logo-AQUAsaf-definitif-blanc-01.png\u00bb module_id=\u00bbhome-header\u00bb _builder_version=\u00bb4.16&#8243; _dynamic_attributes=\u00bbbutton_one_url,button_two_url\u00bb _module_preset=\u00bbdefault\u00bb title_font=\u00bbMontserrat|800||on|||||\u00bb title_font_size=\u00bb33px\u00bb subhead_font=\u00bb|700|||||||\u00bb subhead_font_size=\u00bb20px\u00bb background_color=\u00bbrgba(38,38,38,0.22)\u00bb title_text_shadow_style=\u00bbpreset1&#8243; subhead_text_shadow_style=\u00bbpreset1&#8243; global_colors_info=\u00bb{}\u00bb][\/et_pb_fullwidth_header][\/et_pb_section][et_pb_section fb_built=\u00bb1&#8243; _builder_version=\u00bb4.16&#8243; _module_preset=\u00bbdefault\u00bb locked=\u00bboff\u00bb global_colors_info=\u00bb{}\u00bb][et_pb_row column_structure=\u00bb3_5,2_5&#8243; _builder_version=\u00bb4.16&#8243; _module_preset=\u00bbdefault\u00bb custom_padding=\u00bb5px|||||\u00bb global_colors_info=\u00bb{}\u00bb][et_pb_column type=\u00bb3_5&#8243; _builder_version=\u00bb4.16&#8243; _module_preset=\u00bbdefault\u00bb global_colors_info=\u00bb{}\u00bb][et_pb_text _builder_version=\u00bb4.16&#8243; _module_preset=\u00bbdefault\u00bb header_2_font=\u00bbMontserrat|800|||||||\u00bb header_3_font=\u00bb|700|||||||\u00bb custom_margin=\u00bb||10px||false|false\u00bb global_colors_info=\u00bb{}\u00bb]<\/p>\n<h3>Sifones de agua cruda (patentados)<\/h3>\n<p>Nuestros sifones han sido desarrollados para poder trabajar con aguas residuales crudas, no decantadas previamente. Hoy en d\u00eda, cientos de nuestros sifones autocebantes patentados se han instalados en plantas de tratamiento de aguas residuales con filtros plantados de juncos en Francia, y nuestros sifones se han exportado posteriormente a otros pa\u00edses (Gran Breta\u00f1a, Suiza, Italia, Alemania, Espa\u00f1a, Marruecos, Kosovo y hasta India) a medida que se han desarrollado filtros plantados de juncos en estos pa\u00edses.<\/p>\n<p>Gracias a la gran diferencia entre el peso necesario para hacer que el sif\u00f3n se hunda cuando el flotador est\u00e1 lleno y el peso para hacerlo flotar cuando el flotador est\u00e1 vac\u00edo, el funcionamiento de nuestros sifones es extremadamente fiable, ya que funcionan incluso cuando el peso de los sifones se altera, por ejemplo, en caso de grasa adherida al flotador.<\/p>\n<p>A diferencia de los sistemas de descarga, un sif\u00f3n succiona las aguas rio arriba y alimenta los dispositivos rio abajo con un caudal relativamente constante, lo que permite mantener siempre una velocidad de autolimpieza en las tuber\u00edas, incluso al final del ciclo.<\/p>\n<p>La ausencia de varillaje, v\u00e1lvulas y tuber\u00edas de peque\u00f1o di\u00e1metro garantiza la ausencia de fallos ligados a la corrosi\u00f3n o bloqueo por elementos gruesos.<\/p>\n<p>Su fabricaci\u00f3n en PEAD, un material noble ya que est\u00e1 compuesto \u00fanicamente por carbono e hidr\u00f3geno, reciclable y solido (nuestros sifones tienen una garant\u00eda de 3 a\u00f1os \u2013excluyendo mangueras), les confiere un peso y una huella de carbono muy inferior a una fabricaci\u00f3n en acero inoxidable.<\/p>\n<p>Para garantizar el correcto funcionamiento de nuestros sifones es necesaria la modelizaci\u00f3n hidr\u00e1ulica, teniendo en cuenta la configuraci\u00f3n de las tuber\u00edas aguas abajo (di\u00e1metro, longitudes, altimetr\u00eda). Podemos proporcionar dicho estudio seg\u00fan pedido.<\/p>\n<p>Volumen de vaciados de 0,3 m3 a 22 m3<br \/>Caudales de 15 a 550 m3\/h<\/p>\n<p>[\/et_pb_text][et_pb_button button_url=\u00bbhttps:\/\/aquasaf.fr\/wp-content\/uploads\/2023\/06\/ES_Fiche_Technique-de-fonctionnement-siphons.pdf\u00bb url_new_window=\u00bbon\u00bb button_text=\u00bb\u00bf M\u00e1s informaci\u00f3n\u00bb _builder_version=\u00bb4.16&#8243; _module_preset=\u00bbdefault\u00bb custom_button=\u00bbon\u00bb button_text_size=\u00bb15px\u00bb custom_margin=\u00bb||10px||false|false\u00bb global_colors_info=\u00bb{}\u00bb][\/et_pb_button][\/et_pb_column][et_pb_column type=\u00bb2_5&#8243; _builder_version=\u00bb4.16&#8243; _module_preset=\u00bbdefault\u00bb global_colors_info=\u00bb{}\u00bb][et_pb_image src=\u00bbhttps:\/\/aquasaf.fr\/wp-content\/uploads\/2022\/09\/P1030728b-revu.png\u00bb title_text=\u00bbP1030728b revu\u00bb _builder_version=\u00bb4.16&#8243; _module_preset=\u00bbdefault\u00bb border_radii=\u00bbon|26px|26px|26px|26px\u00bb global_colors_info=\u00bb{}\u00bb][\/et_pb_image][et_pb_video src=\u00bbhttps:\/\/aquasaf.fr\/wp-content\/uploads\/2023\/04\/Heber_IFAT2016@web.mp4&#8243; _builder_version=\u00bb4.19.0&#8243; _module_preset=\u00bbdefault\u00bb border_radii=\u00bbon|26px|26px|26px|26px\u00bb global_colors_info=\u00bb{}\u00bb][\/et_pb_video][\/et_pb_column][\/et_pb_row][et_pb_row column_structure=\u00bb1_4,1_4,1_4,1_4&#8243; _builder_version=\u00bb4.16&#8243; _module_preset=\u00bbdefault\u00bb custom_margin=\u00bb||0px||false|false\u00bb custom_padding=\u00bb||0px||false|false\u00bb global_colors_info=\u00bb{}\u00bb][et_pb_column type=\u00bb1_4&#8243; _builder_version=\u00bb4.16&#8243; _module_preset=\u00bbdefault\u00bb global_colors_info=\u00bb{}\u00bb][et_pb_image src=\u00bbhttps:\/\/aquasaf.fr\/wp-content\/uploads\/2022\/09\/500-l\u00ae.jpg\u00bb title_text=\u00bb500 l\u00ae\u00bb _builder_version=\u00bb4.16&#8243; _module_preset=\u00bbdefault\u00bb border_radii=\u00bbon|26px|26px|26px|26px\u00bb global_colors_info=\u00bb{}\u00bb][\/et_pb_image][\/et_pb_column][et_pb_column type=\u00bb1_4&#8243; _builder_version=\u00bb4.16&#8243; _module_preset=\u00bbdefault\u00bb global_colors_info=\u00bb{}\u00bb][et_pb_text _builder_version=\u00bb4.16&#8243; _module_preset=\u00bbdefault\u00bb custom_margin=\u00bb||1px||false|false\u00bb custom_padding=\u00bb||||false|false\u00bb global_colors_info=\u00bb{}\u00bb]<\/p>\n<h2>Sif\u00f3n 500 L<\/h2>\n<p><strong>SUPERFICIE ABASTECIDA:<\/strong><br \/>hasta 60 m\u00b2<br \/><strong>VOL. TANQUE<\/strong> : 0,3 \u00e0 1 m3<br \/><strong>CAUDAL : <\/strong>12,5 \u00e0 30 m3\/h<br \/><strong>\u00d8 TUBOS : <\/strong>2 x 110<\/p>\n<p>[\/et_pb_text][et_pb_button button_url=\u00bbhttps:\/\/aquasaf.fr\/wp-content\/uploads\/2023\/06\/Fiche_Technique_ES_500_L.pdf\u00bb url_new_window=\u00bbon\u00bb button_text=\u00bb\u00bf M\u00e1s informaci\u00f3n\u00bb _builder_version=\u00bb4.16&#8243; _module_preset=\u00bbdefault\u00bb custom_button=\u00bbon\u00bb button_text_size=\u00bb15px\u00bb custom_margin=\u00bb||10px||false|false\u00bb global_colors_info=\u00bb{}\u00bb][\/et_pb_button][et_pb_divider _builder_version=\u00bb4.16&#8243; _module_preset=\u00bbdefault\u00bb global_colors_info=\u00bb{}\u00bb][\/et_pb_divider][\/et_pb_column][et_pb_column type=\u00bb1_4&#8243; _builder_version=\u00bb4.16&#8243; _module_preset=\u00bbdefault\u00bb global_colors_info=\u00bb{}\u00bb][et_pb_image src=\u00bbhttps:\/\/aquasaf.fr\/wp-content\/uploads\/2022\/09\/Junior\u00ae.jpg\u00bb title_text=\u00bbJunior\u00ae\u00bb _builder_version=\u00bb4.16&#8243; _module_preset=\u00bbdefault\u00bb border_radii=\u00bbon|26px|26px|26px|26px\u00bb global_colors_info=\u00bb{}\u00bb][\/et_pb_image][\/et_pb_column][et_pb_column type=\u00bb1_4&#8243; _builder_version=\u00bb4.16&#8243; _module_preset=\u00bbdefault\u00bb global_colors_info=\u00bb{}\u00bb][et_pb_text _builder_version=\u00bb4.16&#8243; _module_preset=\u00bbdefault\u00bb custom_margin=\u00bb||1px||false|false\u00bb custom_padding=\u00bb||||false|false\u00bb global_colors_info=\u00bb{}\u00bb]<\/p>\n<h2>Sif\u00f3n JUNIOR<\/h2>\n<p><strong>SUPERFICIE ABASTECIDA<\/strong> :<br \/>hasta 60 m\u00b2<br \/><strong>VOL. TANQUE<\/strong> : 0,5 \u00e0 1,2 m3<br \/><strong>CAUDAL : <\/strong>30 m3\/h<br \/><strong>\u00d8 TUBOS : <\/strong>1 x 110 &amp; 1 x 125<\/p>\n<p>[\/et_pb_text][et_pb_button button_url=\u00bbhttps:\/\/aquasaf.fr\/wp-content\/uploads\/2023\/06\/Fiche_Technique_ES_JUNIOR.pdf\u00bb url_new_window=\u00bbon\u00bb button_text=\u00bb\u00bf M\u00e1s informaci\u00f3n\u00bb _builder_version=\u00bb4.16&#8243; _module_preset=\u00bbdefault\u00bb custom_button=\u00bbon\u00bb button_text_size=\u00bb15px\u00bb custom_margin=\u00bb||10px||false|false\u00bb global_colors_info=\u00bb{}\u00bb][\/et_pb_button][et_pb_divider _builder_version=\u00bb4.16&#8243; _module_preset=\u00bbdefault\u00bb global_colors_info=\u00bb{}\u00bb][\/et_pb_divider][\/et_pb_column][\/et_pb_row][et_pb_row column_structure=\u00bb1_4,1_4,1_4,1_4&#8243; _builder_version=\u00bb4.16&#8243; _module_preset=\u00bbdefault\u00bb custom_margin=\u00bb||0px||false|false\u00bb custom_padding=\u00bb||0px||false|false\u00bb global_colors_info=\u00bb{}\u00bb][et_pb_column type=\u00bb1_4&#8243; _builder_version=\u00bb4.16&#8243; _module_preset=\u00bbdefault\u00bb global_colors_info=\u00bb{}\u00bb][et_pb_image src=\u00bbhttps:\/\/aquasaf.fr\/wp-content\/uploads\/2022\/09\/Sermentizon\u00ae.jpg\u00bb title_text=\u00bbSermentizon\u00ae\u00bb _builder_version=\u00bb4.16&#8243; _module_preset=\u00bbdefault\u00bb border_radii=\u00bbon|26px|26px|26px|26px\u00bb global_colors_info=\u00bb{}\u00bb][\/et_pb_image][\/et_pb_column][et_pb_column type=\u00bb1_4&#8243; _builder_version=\u00bb4.16&#8243; _module_preset=\u00bbdefault\u00bb global_colors_info=\u00bb{}\u00bb][et_pb_text _builder_version=\u00bb4.16&#8243; _module_preset=\u00bbdefault\u00bb custom_margin=\u00bb||1px||false|false\u00bb custom_padding=\u00bb||||false|false\u00bb global_colors_info=\u00bb{}\u00bb]<\/p>\n<h2>Sif\u00f3n Sermentizon<\/h2>\n<p><strong>SUPERFICIE ABASTECIDA<\/strong> : <br \/>15 \u00e0 94 m\u00b2<br \/><strong>VOL. TANQUE<\/strong> : 1 \u00e0 2 m3<br \/><strong>CAUDAL : <\/strong>31 \u00e0 47 m3\/h<br \/><strong>\u00d8 TUBOS : <\/strong>2 x 110 &amp; 1 x 125<\/p>\n<p>[\/et_pb_text][et_pb_button button_url=\u00bbhttps:\/\/aquasaf.fr\/wp-content\/uploads\/2023\/06\/Fiche_technique_SERMENTIZON.pdf\u00bb url_new_window=\u00bbon\u00bb button_text=\u00bb\u00bf M\u00e1s informaci\u00f3n\u00bb _builder_version=\u00bb4.16&#8243; _module_preset=\u00bbdefault\u00bb custom_button=\u00bbon\u00bb button_text_size=\u00bb15px\u00bb custom_margin=\u00bb||10px||false|false\u00bb global_colors_info=\u00bb{}\u00bb][\/et_pb_button][et_pb_divider _builder_version=\u00bb4.16&#8243; _module_preset=\u00bbdefault\u00bb global_colors_info=\u00bb{}\u00bb][\/et_pb_divider][\/et_pb_column][et_pb_column type=\u00bb1_4&#8243; _builder_version=\u00bb4.16&#8243; _module_preset=\u00bbdefault\u00bb global_colors_info=\u00bb{}\u00bb][et_pb_image src=\u00bbhttps:\/\/aquasaf.fr\/wp-content\/uploads\/2022\/09\/Neptune\u00ae.jpg\u00bb title_text=\u00bbNeptune\u00ae\u00bb align=\u00bbcenter\u00bb _builder_version=\u00bb4.16&#8243; _module_preset=\u00bbdefault\u00bb height=\u00bb210px\u00bb border_radii=\u00bbon|26px|26px|26px|26px\u00bb global_colors_info=\u00bb{}\u00bb][\/et_pb_image][\/et_pb_column][et_pb_column type=\u00bb1_4&#8243; _builder_version=\u00bb4.16&#8243; _module_preset=\u00bbdefault\u00bb global_colors_info=\u00bb{}\u00bb][et_pb_text _builder_version=\u00bb4.16&#8243; _module_preset=\u00bbdefault\u00bb custom_margin=\u00bb||1px||false|false\u00bb custom_padding=\u00bb||||false|false\u00bb global_colors_info=\u00bb{}\u00bb]<\/p>\n<h2>Sif\u00f3n Neptune<\/h2>\n<p><strong>SURFACE ABASTECIDA<\/strong>\u00a0:<br \/>108 \u00e0 168 m\u00b2<br \/><strong>VOL. TANQUE<\/strong> : 2,6 \u00e0 3,4 m3<br \/><strong>CAUDAL : <\/strong>54 \u00e0 84 m3\/h<br \/><strong>\u00d8 TUBOS : <\/strong>2 x 110 &amp; 1 x 160<\/p>\n<p>[\/et_pb_text][et_pb_button button_url=\u00bbhttps:\/\/aquasaf.fr\/wp-content\/uploads\/2023\/06\/Fiche_technique_NEPTUNE.pdf\u00bb url_new_window=\u00bbon\u00bb button_text=\u00bb\u00bf M\u00e1s informaci\u00f3n\u00bb _builder_version=\u00bb4.16&#8243; _module_preset=\u00bbdefault\u00bb custom_button=\u00bbon\u00bb button_text_size=\u00bb15px\u00bb custom_margin=\u00bb||10px||false|false\u00bb global_colors_info=\u00bb{}\u00bb][\/et_pb_button][et_pb_divider _builder_version=\u00bb4.16&#8243; _module_preset=\u00bbdefault\u00bb global_colors_info=\u00bb{}\u00bb][\/et_pb_divider][\/et_pb_column][\/et_pb_row][et_pb_row column_structure=\u00bb1_4,1_4,1_4,1_4&#8243; _builder_version=\u00bb4.16&#8243; _module_preset=\u00bbdefault\u00bb custom_margin=\u00bb||0px||false|false\u00bb custom_padding=\u00bb||0px||false|false\u00bb global_colors_info=\u00bb{}\u00bb][et_pb_column type=\u00bb1_4&#8243; _builder_version=\u00bb4.16&#8243; _module_preset=\u00bbdefault\u00bb global_colors_info=\u00bb{}\u00bb][et_pb_image src=\u00bbhttps:\/\/aquasaf.fr\/wp-content\/uploads\/2022\/09\/Rocamadour\u00ae.jpg\u00bb title_text=\u00bbRocamadour\u00ae\u00bb _builder_version=\u00bb4.16&#8243; _module_preset=\u00bbdefault\u00bb border_radii=\u00bbon|26px|26px|26px|26px\u00bb global_colors_info=\u00bb{}\u00bb][\/et_pb_image][\/et_pb_column][et_pb_column type=\u00bb1_4&#8243; _builder_version=\u00bb4.16&#8243; _module_preset=\u00bbdefault\u00bb global_colors_info=\u00bb{}\u00bb][et_pb_text _builder_version=\u00bb4.16&#8243; _module_preset=\u00bbdefault\u00bb custom_margin=\u00bb||1px||false|false\u00bb custom_padding=\u00bb||||false|false\u00bb global_colors_info=\u00bb{}\u00bb]<\/p>\n<h2>Sif\u00f3n Rocamadour<\/h2>\n<p><strong>SUPERFICIE ABASTECIDA :<\/strong><br \/>218 \u00e0 360 m\u00b2<br \/><strong>VOL. TANQUE<\/strong> : 5 \u00e0 7,2 m3<br \/><strong>CAUDAL : <\/strong>109 \u00e0 180 m3 \/h<br \/><strong>\u00d8 TUBOS : <\/strong>2 x 110 &amp; 2 x 160<\/p>\n<p>[\/et_pb_text][et_pb_button button_url=\u00bbhttps:\/\/aquasaf.fr\/wp-content\/uploads\/2023\/06\/Fiche_technique_ROCAMADOUR.pdf\u00bb url_new_window=\u00bbon\u00bb button_text=\u00bb\u00bf M\u00e1s informaci\u00f3n\u00bb _builder_version=\u00bb4.16&#8243; _module_preset=\u00bbdefault\u00bb custom_button=\u00bbon\u00bb button_text_size=\u00bb15px\u00bb custom_margin=\u00bb||10px||false|false\u00bb global_colors_info=\u00bb{}\u00bb][\/et_pb_button][et_pb_divider _builder_version=\u00bb4.16&#8243; _module_preset=\u00bbdefault\u00bb global_colors_info=\u00bb{}\u00bb][\/et_pb_divider][\/et_pb_column][et_pb_column type=\u00bb1_4&#8243; _builder_version=\u00bb4.16&#8243; _module_preset=\u00bbdefault\u00bb global_colors_info=\u00bb{}\u00bb][et_pb_image src=\u00bbhttps:\/\/aquasaf.fr\/wp-content\/uploads\/2022\/09\/Roussillon\u00ae.jpg\u00bb title_text=\u00bbRoussillon\u00ae\u00bb _builder_version=\u00bb4.16&#8243; _module_preset=\u00bbdefault\u00bb border_radii=\u00bbon|26px|26px|26px|26px\u00bb global_colors_info=\u00bb{}\u00bb][\/et_pb_image][\/et_pb_column][et_pb_column type=\u00bb1_4&#8243; _builder_version=\u00bb4.16&#8243; _module_preset=\u00bbdefault\u00bb global_colors_info=\u00bb{}\u00bb][et_pb_text _builder_version=\u00bb4.16&#8243; _module_preset=\u00bbdefault\u00bb custom_margin=\u00bb||1px||false|false\u00bb custom_padding=\u00bb||||false|false\u00bb global_colors_info=\u00bb{}\u00bb]<\/p>\n<h2>Sif\u00f3n Roussillon<\/h2>\n<p><strong>SUPERFICIE ABASTECIDA<\/strong> :<br \/>342 \u00e0 524 m\u00b2<br \/><strong>VOL. TANQUE<\/strong> : 8 \u00e0 10 m3<br \/><strong>CAUDAL : <\/strong>171 \u00e0 262 m3\/h<br \/><strong>\u00d8 TUBOS : <\/strong>2 x 110 &amp; 2 x 200<\/p>\n<p>[\/et_pb_text][et_pb_button button_url=\u00bbhttps:\/\/aquasaf.fr\/wp-content\/uploads\/2023\/06\/Fiche_technique_ROUSSILLON.pdf\u00bb url_new_window=\u00bbon\u00bb button_text=\u00bb\u00bf M\u00e1s informaci\u00f3n\u00bb _builder_version=\u00bb4.16&#8243; _module_preset=\u00bbdefault\u00bb custom_button=\u00bbon\u00bb button_text_size=\u00bb15px\u00bb custom_margin=\u00bb||10px||false|false\u00bb global_colors_info=\u00bb{}\u00bb][\/et_pb_button][et_pb_divider _builder_version=\u00bb4.16&#8243; _module_preset=\u00bbdefault\u00bb global_colors_info=\u00bb{}\u00bb][\/et_pb_divider][\/et_pb_column][\/et_pb_row][et_pb_row column_structure=\u00bb1_4,1_4,1_4,1_4&#8243; _builder_version=\u00bb4.16&#8243; _module_preset=\u00bbdefault\u00bb custom_margin=\u00bb||0px||false|false\u00bb custom_padding=\u00bb||0px||false|false\u00bb global_colors_info=\u00bb{}\u00bb][et_pb_column type=\u00bb1_4&#8243; _builder_version=\u00bb4.16&#8243; _module_preset=\u00bbdefault\u00bb global_colors_info=\u00bb{}\u00bb][et_pb_image src=\u00bbhttps:\/\/aquasaf.fr\/wp-content\/uploads\/2022\/09\/Roussillon\u00ae-Twins.jpg\u00bb title_text=\u00bbRoussillon\u00ae Twins\u00bb _builder_version=\u00bb4.16&#8243; _module_preset=\u00bbdefault\u00bb border_radii=\u00bbon|26px|26px|26px|26px\u00bb global_colors_info=\u00bb{}\u00bb][\/et_pb_image][\/et_pb_column][et_pb_column type=\u00bb1_4&#8243; _builder_version=\u00bb4.16&#8243; _module_preset=\u00bbdefault\u00bb global_colors_info=\u00bb{}\u00bb][et_pb_text _builder_version=\u00bb4.19.0&#8243; _module_preset=\u00bbdefault\u00bb custom_margin=\u00bb||1px||false|false\u00bb custom_padding=\u00bb||||false|false\u00bb global_colors_info=\u00bb{}\u00bb]<\/p>\n<h2>Sif\u00f3n Roussillon Twin<\/h2>\n<p><strong>SUPERFICIE ABASTECIDA<\/strong> :<br \/>hasta 1100 m\u00b2<br \/><strong>VOL. TANQUE<\/strong> :<br \/>jhasta 22 m3<br \/><strong>CAUDAL :<br \/><\/strong>hasta 550 m3\/h<br \/><strong>\u00d8 TUBOS : <\/strong>4 x 110 &amp; 4 x 200<\/p>\n<p>[\/et_pb_text][et_pb_button button_url=\u00bbhttps:\/\/aquasaf.fr\/wp-content\/uploads\/2023\/06\/Fiche-technique-ROUSSILLON-TWIN-Photo.pdf\u00bb url_new_window=\u00bbon\u00bb button_text=\u00bb\u00bf M\u00e1s informaci\u00f3n\u00bb _builder_version=\u00bb4.16&#8243; _module_preset=\u00bbdefault\u00bb custom_button=\u00bbon\u00bb button_text_size=\u00bb15px\u00bb custom_margin=\u00bb||10px||false|false\u00bb global_colors_info=\u00bb{}\u00bb][\/et_pb_button][et_pb_divider _builder_version=\u00bb4.16&#8243; _module_preset=\u00bbdefault\u00bb global_colors_info=\u00bb{}\u00bb][\/et_pb_divider][\/et_pb_column][et_pb_column type=\u00bb1_4&#8243; _builder_version=\u00bb4.16&#8243; _module_preset=\u00bbdefault\u00bb global_colors_info=\u00bb{}\u00bb]<\/p>\n<p>[et_pb_video _builder_version=\u00bb4.16&#8243; _module_preset=\u00bbdefault\u00bb global_colors_info=\u00bb{}\u00bb][\/et_pb_video]<\/p>\n<p>[\/et_pb_column][et_pb_column type=\u00bb1_4&#8243; _builder_version=\u00bb4.16&#8243; _module_preset=\u00bbdefault\u00bb global_colors_info=\u00bb{}\u00bb][\/et_pb_column][\/et_pb_row][\/et_pb_section][et_pb_section fb_built=\u00bb1&#8243; _builder_version=\u00bb4.19.0&#8243; _module_preset=\u00bbdefault\u00bb global_colors_info=\u00bb{}\u00bb][et_pb_row _builder_version=\u00bb4.19.0&#8243; _module_preset=\u00bbdefault\u00bb global_colors_info=\u00bb{}\u00bb][et_pb_column type=\u00bb4_4&#8243; _builder_version=\u00bb4.19.0&#8243; _module_preset=\u00bbdefault\u00bb global_colors_info=\u00bb{}\u00bb][et_pb_text _builder_version=\u00bb4.19.0&#8243; _module_preset=\u00bbdefault\u00bb global_colors_info=\u00bb{}\u00bb]<\/p>\n<h2>Nuestros sifones en acci\u00f3n<\/h2>\n<p>[\/et_pb_text][\/et_pb_column][\/et_pb_row][et_pb_row column_structure=\u00bb1_2,1_2&#8243; _builder_version=\u00bb4.19.0&#8243; _module_preset=\u00bbdefault\u00bb global_colors_info=\u00bb{}\u00bb][et_pb_column type=\u00bb1_2&#8243; _builder_version=\u00bb4.19.0&#8243; _module_preset=\u00bbdefault\u00bb global_colors_info=\u00bb{}\u00bb]<\/p>\n<p>[et_pb_video src=\u00bbhttps:\/\/aquasaf.fr\/wp-content\/uploads\/2023\/04\/Heber_Roussilion_@web.mp4&#8243; _builder_version=\u00bb4.19.0&#8243; _module_preset=\u00bbdefault\u00bb global_colors_info=\u00bb{}\u00bb][\/et_pb_video]<\/p>\n<p>[\/et_pb_column][et_pb_column type=\u00bb1_2&#8243; _builder_version=\u00bb4.19.0&#8243; _module_preset=\u00bbdefault\u00bb global_colors_info=\u00bb{}\u00bb]<\/p>\n<p>[et_pb_video src=\u00bbhttps:\/\/aquasaf.fr\/wp-content\/uploads\/2023\/04\/Siphon_Levigneau_300L_beton_@web.mp4&#8243; _builder_version=\u00bb4.19.0&#8243; _module_preset=\u00bbdefault\u00bb global_colors_info=\u00bb{}\u00bb][\/et_pb_video]<\/p>\n<p>[\/et_pb_column][\/et_pb_row][\/et_pb_section]<\/p>\n","protected":false},"excerpt":{"rendered":"<p>Sifones de agua cruda (patentados) Nuestros sifones han sido desarrollados para poder trabajar con aguas residuales crudas, no decantadas previamente. Hoy en d\u00eda, cientos de nuestros sifones autocebantes patentados se han instalados en plantas de tratamiento de aguas residuales con filtros plantados de juncos en Francia, y nuestros sifones se han exportado posteriormente a otros [&hellip;]<\/p>\n","protected":false},"author":2,"featured_media":0,"parent":0,"menu_order":0,"comment_status":"closed","ping_status":"closed","template":"","meta":{"_seopress_robots_primary_cat":"","_seopress_titles_title":"","_seopress_titles_desc":"","_seopress_robots_index":"","_et_pb_use_builder":"on","_et_pb_old_content":"","_et_gb_content_width":"","footnotes":""},"class_list":["post-936","page","type-page","status-publish","hentry"],"_links":{"self":[{"href":"https:\/\/aquasaf.fr\/es\/wp-json\/wp\/v2\/pages\/936","targetHints":{"allow":["GET"]}}],"collection":[{"href":"https:\/\/aquasaf.fr\/es\/wp-json\/wp\/v2\/pages"}],"about":[{"href":"https:\/\/aquasaf.fr\/es\/wp-json\/wp\/v2\/types\/page"}],"author":[{"embeddable":true,"href":"https:\/\/aquasaf.fr\/es\/wp-json\/wp\/v2\/users\/2"}],"replies":[{"embeddable":true,"href":"https:\/\/aquasaf.fr\/es\/wp-json\/wp\/v2\/comments?post=936"}],"version-history":[{"count":11,"href":"https:\/\/aquasaf.fr\/es\/wp-json\/wp\/v2\/pages\/936\/revisions"}],"predecessor-version":[{"id":1020,"href":"https:\/\/aquasaf.fr\/es\/wp-json\/wp\/v2\/pages\/936\/revisions\/1020"}],"wp:attachment":[{"href":"https:\/\/aquasaf.fr\/es\/wp-json\/wp\/v2\/media?parent=936"}],"curies":[{"name":"wp","href":"https:\/\/api.w.org\/{rel}","templated":true}]}}