{"id":921,"date":"2023-06-27T06:55:17","date_gmt":"2023-06-27T04:55:17","guid":{"rendered":"https:\/\/aquasaf.fr\/sifones-de-agua-decantada\/"},"modified":"2023-07-06T14:48:02","modified_gmt":"2023-07-06T12:48:02","slug":"sifones-de-agua-decantada","status":"publish","type":"page","link":"https:\/\/aquasaf.fr\/es\/sifones-de-agua-decantada\/","title":{"rendered":"Sifones de agua decantada"},"content":{"rendered":"<p>[et_pb_section fb_built=\u00bb1&#8243; fullwidth=\u00bbon\u00bb next_background_color=\u00bb#ffffff\u00bb _builder_version=\u00bb4.9.10&#8243; _module_preset=\u00bbdefault\u00bb background_image=\u00bbhttps:\/\/aquasaf.fr\/wp-content\/uploads\/2022\/09\/AdobeStock_491317772-scaled.jpeg\u00bb bottom_divider_style=\u00bbwave2&#8243; locked=\u00bboff\u00bb][et_pb_fullwidth_header title=\u00bbSifones de agua decantada\u00bb text_orientation=\u00bbcenter\u00bb button_one_text=\u00bbCita\u00bb button_one_url=\u00bb@ET-DC@eyJkeW5hbWljIjp0cnVlLCJjb250ZW50IjoicG9zdF9saW5rX3VybF9wYWdlIiwic2V0dGluZ3MiOnsicG9zdF9pZCI6IjI0OCJ9fQ==@\u00bb button_two_text=\u00bbContactar\u00bb button_two_url=\u00bb@ET-DC@eyJkeW5hbWljIjp0cnVlLCJjb250ZW50IjoicG9zdF9saW5rX3VybF9wYWdlIiwic2V0dGluZ3MiOnsicG9zdF9pZCI6IjIxNSJ9fQ==@\u00bb logo_image_url=\u00bbhttps:\/\/aquasaf.fr\/wp-content\/uploads\/2022\/08\/logo-AQUAsaf-definitif-blanc-01.png\u00bb module_id=\u00bbhome-header\u00bb _builder_version=\u00bb4.9.10&#8243; _dynamic_attributes=\u00bbbutton_one_url,button_two_url\u00bb _module_preset=\u00bbdefault\u00bb title_font=\u00bbMontserrat|800||on|||||\u00bb title_font_size=\u00bb33px\u00bb subhead_font=\u00bb|700|||||||\u00bb subhead_font_size=\u00bb20px\u00bb background_color=\u00bbrgba(38,38,38,0.22)\u00bb title_text_shadow_style=\u00bbpreset1&#8243; subhead_text_shadow_style=\u00bbpreset1&#8243;][\/et_pb_fullwidth_header][\/et_pb_section][et_pb_section fb_built=\u00bb1&#8243; _builder_version=\u00bb4.9.10&#8243; _module_preset=\u00bbdefault\u00bb locked=\u00bboff\u00bb][et_pb_row _builder_version=\u00bb4.9.10&#8243; _module_preset=\u00bbdefault\u00bb][et_pb_column type=\u00bb4_4&#8243; _builder_version=\u00bb4.9.10&#8243; _module_preset=\u00bbdefault\u00bb][et_pb_text _builder_version=\u00bb4.9.10&#8243; _module_preset=\u00bbdefault\u00bb header_2_font=\u00bbMontserrat|800|||||||\u00bb header_3_font=\u00bb|700|||||||\u00bb custom_margin=\u00bb||10px||false|false\u00bb]<\/p>\n<h3>Sifones de agua decantada<\/h3>\n<p>Estos sifones funcionan con agua previamente decantada, para abastecer, por efecto de vaciado, la segunda planta de los filtros plantados de juncos o filtros de arena. En comparaci\u00f3n con otros sifones, pueden operar con amplitudes entre vaciado y llenado muy bajas (diferencia de nivel de agua en una estructura entre el punto donde comienza el sif\u00f3n y donde se desceba), lo que es ventajoso para hacer funcionar un sif\u00f3n con una ligera diferencia de nivel. Los modelos est\u00e1ndar est\u00e1n dise\u00f1ados para caudales de 30 a 150 m3\/h, pero seg\u00fan pedido se pueden fabricar modelos a medida, para dar soluci\u00f3n a condicionantes particulares.<\/p>\n<p>[\/et_pb_text][\/et_pb_column][\/et_pb_row][et_pb_row column_structure=\u00bb1_4,1_4,1_4,1_4&#8243; _builder_version=\u00bb4.9.10&#8243; _module_preset=\u00bbdefault\u00bb custom_margin=\u00bb||0px||false|false\u00bb custom_padding=\u00bb||0px||false|false\u00bb][et_pb_column type=\u00bb1_4&#8243; _builder_version=\u00bb4.9.10&#8243; _module_preset=\u00bbdefault\u00bb][et_pb_image src=\u00bbhttps:\/\/aquasaf.fr\/wp-content\/uploads\/2022\/09\/Calypso\u00ae.jpg\u00bb title_text=\u00bbCalypso\u00ae\u00bb _builder_version=\u00bb4.9.10&#8243; _module_preset=\u00bbdefault\u00bb border_radii=\u00bbon|26px|26px|26px|26px\u00bb][\/et_pb_image][\/et_pb_column][et_pb_column type=\u00bb1_4&#8243; _builder_version=\u00bb4.9.10&#8243; _module_preset=\u00bbdefault\u00bb][et_pb_text _builder_version=\u00bb4.9.10&#8243; _module_preset=\u00bbdefault\u00bb custom_margin=\u00bb||1px||false|false\u00bb custom_padding=\u00bb||||false|false\u00bb]<\/p>\n<h2>Sif\u00f3n Calypso<\/h2>\n<p><strong>SUPERFICIE ABASTECIDA<\/strong> :<br \/>Menos de 60 m\u00b2<br \/><strong>CAUDAL<\/strong> : 30 m3\/h<br \/><strong>\u00d8 TUBOS <\/strong>: 1\u00a0x 110<\/p>\n<p>[\/et_pb_text][et_pb_divider _builder_version=\u00bb4.9.10&#8243; _module_preset=\u00bbdefault\u00bb hover_enabled=\u00bb0&#8243; sticky_enabled=\u00bb0&#8243;][\/et_pb_divider][\/et_pb_column][et_pb_column type=\u00bb1_4&#8243; _builder_version=\u00bb4.9.10&#8243; _module_preset=\u00bbdefault\u00bb][et_pb_image src=\u00bbhttps:\/\/aquasaf.fr\/wp-content\/uploads\/2022\/09\/Lotus\u00ae.jpg\u00bb title_text=\u00bbLotus\u00ae\u00bb _builder_version=\u00bb4.9.10&#8243; _module_preset=\u00bbdefault\u00bb border_radii=\u00bbon|26px|26px|26px|26px\u00bb][\/et_pb_image][\/et_pb_column][et_pb_column type=\u00bb1_4&#8243; _builder_version=\u00bb4.9.10&#8243; _module_preset=\u00bbdefault\u00bb][et_pb_text _builder_version=\u00bb4.9.10&#8243; _module_preset=\u00bbdefault\u00bb custom_margin=\u00bb||1px||false|false\u00bb custom_padding=\u00bb||||false|false\u00bb]<\/p>\n<h2>Sif\u00f3n Lotus<\/h2>\n<p><strong>SUPERFICIE ABASTECIDA<\/strong> :\u00a0<br \/>60 \u00e0 120 m\u00b2<br \/><strong>CAUDAL <\/strong>: 60 m3\/h<br \/><strong>\u00d8 TUBOS : <\/strong>2 x 110<\/p>\n<p>[\/et_pb_text][et_pb_divider _builder_version=\u00bb4.9.10&#8243; _module_preset=\u00bbdefault\u00bb][\/et_pb_divider][\/et_pb_column][\/et_pb_row][et_pb_row column_structure=\u00bb1_4,1_4,1_4,1_4&#8243; _builder_version=\u00bb4.9.10&#8243; _module_preset=\u00bbdefault\u00bb custom_margin=\u00bb||0px||false|false\u00bb custom_padding=\u00bb||0px||false|false\u00bb][et_pb_column type=\u00bb1_4&#8243; _builder_version=\u00bb4.9.10&#8243; _module_preset=\u00bbdefault\u00bb][et_pb_image src=\u00bbhttps:\/\/aquasaf.fr\/wp-content\/uploads\/2022\/09\/Queige\u00ae.jpg\u00bb title_text=\u00bbQueige\u00ae\u00bb _builder_version=\u00bb4.9.10&#8243; _module_preset=\u00bbdefault\u00bb border_radii=\u00bbon|26px|26px|26px|26px\u00bb][\/et_pb_image][\/et_pb_column][et_pb_column type=\u00bb1_4&#8243; _builder_version=\u00bb4.9.10&#8243; _module_preset=\u00bbdefault\u00bb][et_pb_text _builder_version=\u00bb4.9.10&#8243; _module_preset=\u00bbdefault\u00bb custom_margin=\u00bb||1px||false|false\u00bb custom_padding=\u00bb||||false|false\u00bb]<\/p>\n<h2>Sif\u00f3n Queige<\/h2>\n<p><strong>SUPERFICIE ABASTECIDA<\/strong> : <br \/>90 \u00e0 180 m\u00b2<br \/><strong>CAUDAL <\/strong>: 90 m3\/h<br \/><strong>\u00d8 TUBOS<\/strong> : 3 x 110<\/p>\n<p>[\/et_pb_text][et_pb_divider _builder_version=\u00bb4.9.10&#8243; _module_preset=\u00bbdefault\u00bb][\/et_pb_divider][\/et_pb_column][et_pb_column type=\u00bb1_4&#8243; _builder_version=\u00bb4.9.10&#8243; _module_preset=\u00bbdefault\u00bb][et_pb_image src=\u00bbhttps:\/\/aquasaf.fr\/wp-content\/uploads\/2022\/09\/Sirene\u00ae.jpg\u00bb title_text=\u00bbSir\u00e8ne\u00ae\u00bb align=\u00bbcenter\u00bb _builder_version=\u00bb4.9.10&#8243; _module_preset=\u00bbdefault\u00bb height=\u00bb210px\u00bb border_radii=\u00bbon|26px|26px|26px|26px\u00bb][\/et_pb_image][\/et_pb_column][et_pb_column type=\u00bb1_4&#8243; _builder_version=\u00bb4.9.10&#8243; _module_preset=\u00bbdefault\u00bb][et_pb_text _builder_version=\u00bb4.9.10&#8243; _module_preset=\u00bbdefault\u00bb custom_margin=\u00bb||1px||false|false\u00bb custom_padding=\u00bb||||false|false\u00bb]<\/p>\n<h2>Sif\u00f3n Sir\u00e8ne<\/h2>\n<p><strong>SUPERFICIE ABASTECIDA<\/strong> :<br \/>120 \u00e0 240 m\u00b2<br \/><strong>CAUDAL<\/strong>: 120 m3\/h<br \/><strong>\u00d8 TUBOS<\/strong> : 4 x 110<\/p>\n<p>[\/et_pb_text][et_pb_divider _builder_version=\u00bb4.9.10&#8243; _module_preset=\u00bbdefault\u00bb][\/et_pb_divider][\/et_pb_column][\/et_pb_row][et_pb_row column_structure=\u00bb1_4,1_4,1_4,1_4&#8243; _builder_version=\u00bb4.9.10&#8243; _module_preset=\u00bbdefault\u00bb custom_margin=\u00bb||0px||false|false\u00bb custom_padding=\u00bb||0px||false|false\u00bb][et_pb_column type=\u00bb1_4&#8243; _builder_version=\u00bb4.9.10&#8243; _module_preset=\u00bbdefault\u00bb][et_pb_image src=\u00bbhttps:\/\/aquasaf.fr\/wp-content\/uploads\/2022\/09\/Gavrus\u00ae.jpg\u00bb title_text=\u00bbGavrus\u00ae\u00bb _builder_version=\u00bb4.9.10&#8243; _module_preset=\u00bbdefault\u00bb border_radii=\u00bbon|26px|26px|26px|26px\u00bb][\/et_pb_image][\/et_pb_column][et_pb_column type=\u00bb1_4&#8243; _builder_version=\u00bb4.9.10&#8243; _module_preset=\u00bbdefault\u00bb][et_pb_text _builder_version=\u00bb4.9.10&#8243; _module_preset=\u00bbdefault\u00bb custom_margin=\u00bb||1px||false|false\u00bb custom_padding=\u00bb||||false|false\u00bb]<\/p>\n<h2>Sif\u00f3n Gavrus<\/h2>\n<p><strong>SUPERFICIE ABASTECIDA<\/strong> : <br \/>150 \u00e0 300 m\u00b2<br \/><strong>CAUDAL <\/strong>: 150 m3\/h<br \/><strong>\u00d8 TUBOS <\/strong>: 5 x 110<\/p>\n<p>[\/et_pb_text][et_pb_divider _builder_version=\u00bb4.9.10&#8243; _module_preset=\u00bbdefault\u00bb][\/et_pb_divider][\/et_pb_column][et_pb_column type=\u00bb1_4&#8243; _builder_version=\u00bb4.9.10&#8243; _module_preset=\u00bbdefault\u00bb][\/et_pb_column][et_pb_column type=\u00bb1_4&#8243; _builder_version=\u00bb4.9.10&#8243; _module_preset=\u00bbdefault\u00bb][\/et_pb_column][\/et_pb_row][\/et_pb_section]<\/p>\n","protected":false},"excerpt":{"rendered":"<p>Sifones de agua decantada Estos sifones funcionan con agua previamente decantada, para abastecer, por efecto de vaciado, la segunda planta de los filtros plantados de juncos o filtros de arena. En comparaci\u00f3n con otros sifones, pueden operar con amplitudes entre vaciado y llenado muy bajas (diferencia de nivel de agua en una estructura entre el [&hellip;]<\/p>\n","protected":false},"author":2,"featured_media":0,"parent":0,"menu_order":0,"comment_status":"closed","ping_status":"closed","template":"","meta":{"_seopress_robots_primary_cat":"","_seopress_titles_title":"","_seopress_titles_desc":"","_seopress_robots_index":"","_et_pb_use_builder":"on","_et_pb_old_content":"","_et_gb_content_width":"","footnotes":""},"class_list":["post-921","page","type-page","status-publish","hentry"],"_links":{"self":[{"href":"https:\/\/aquasaf.fr\/es\/wp-json\/wp\/v2\/pages\/921","targetHints":{"allow":["GET"]}}],"collection":[{"href":"https:\/\/aquasaf.fr\/es\/wp-json\/wp\/v2\/pages"}],"about":[{"href":"https:\/\/aquasaf.fr\/es\/wp-json\/wp\/v2\/types\/page"}],"author":[{"embeddable":true,"href":"https:\/\/aquasaf.fr\/es\/wp-json\/wp\/v2\/users\/2"}],"replies":[{"embeddable":true,"href":"https:\/\/aquasaf.fr\/es\/wp-json\/wp\/v2\/comments?post=921"}],"version-history":[{"count":11,"href":"https:\/\/aquasaf.fr\/es\/wp-json\/wp\/v2\/pages\/921\/revisions"}],"predecessor-version":[{"id":1138,"href":"https:\/\/aquasaf.fr\/es\/wp-json\/wp\/v2\/pages\/921\/revisions\/1138"}],"wp:attachment":[{"href":"https:\/\/aquasaf.fr\/es\/wp-json\/wp\/v2\/media?parent=921"}],"curies":[{"name":"wp","href":"https:\/\/api.w.org\/{rel}","templated":true}]}}