{"id":1052,"date":"2023-06-28T16:13:18","date_gmt":"2023-06-28T14:13:18","guid":{"rendered":"https:\/\/aquasaf.fr\/notas-legales\/"},"modified":"2023-06-28T16:13:21","modified_gmt":"2023-06-28T14:13:21","slug":"notas-legales","status":"publish","type":"page","link":"https:\/\/aquasaf.fr\/es\/notas-legales\/","title":{"rendered":"Notas Legales"},"content":{"rendered":"<p>[et_pb_section fb_built=\u00bb1&#8243; _builder_version=\u00bb4.9.10&#8243; _module_preset=\u00bbdefault\u00bb locked=\u00bboff\u00bb][et_pb_row _builder_version=\u00bb4.9.10&#8243; _module_preset=\u00bbdefault\u00bb custom_padding=\u00bb5px|||||\u00bb][et_pb_column type=\u00bb4_4&#8243; _builder_version=\u00bb4.9.10&#8243; _module_preset=\u00bbdefault\u00bb][et_pb_text _builder_version=\u00bb4.9.10&#8243; _module_preset=\u00bbdefault\u00bb header_2_font=\u00bbMontserrat|800|||||||\u00bb header_3_font=\u00bb|700|||||||\u00bb custom_margin=\u00bb||10px||false|false\u00bb custom_padding=\u00bb||0px|||\u00bb]<\/p>\n<h3 style=\"text-align: justify;\">Notas Legales<\/h3>\n<p>&nbsp;<\/p>\n<p><strong>\u00c9DITEUR<\/strong><br \/>Le site aquasaf.fr est \u00e9dit\u00e9 par Aqua Saf,<br \/>Soci\u00e9t\u00e9 \u00e0 responsabilit\u00e9 limit\u00e9e au capital de 8 000 euros, immatricul\u00e9e au RCS de Chamb\u00e9ry sous le num\u00e9ro 453 005 159.<br \/>Si\u00e8ge social : 341 rue du Solan 73370 LA CHAPELLE DU MONT DU CHAT<br \/>T\u00e9l\u00e9phone : +33 (0)6 76 77 20 85<br \/>E-mail : <a href=\"mailto:contact@aquasaf.fr\">contact@aquasaf.fr<br \/><\/a><br \/>Directeur de publication : Dirk ESSER<\/p>\n<p><strong>H\u00c9BERGEUR<\/strong><br \/>OVH 2, rue Kellermann<br \/>59100 Roubaix<\/p>\n<p><strong>CR\u00c9DITS<\/strong><br \/>Conception et r\u00e9alisation du site :<br \/><a title=\"DIGITAL WILD\" href=\"https:\/\/digital-wild.fr\" target=\"_blank\" rel=\"noopener\">DIGITAL WILD<\/a><\/p>\n<p><strong>PROPRI\u00c9T\u00c9 INTELLECTUELLE<\/strong><br \/>L&#8217;ensemble du site, y compris sa structure et son contenu (textes, tableaux, graphiques, images, photographies, vid\u00e9os, sons, bases de donn\u00e9es, applications et logiciels), est prot\u00e9g\u00e9 par le droit d&#8217;auteur et de propri\u00e9t\u00e9 intellectuelle de Aqua Saf ou de ses fournisseurs et prestataires. Toute repr\u00e9sentation, reproduction, adaptation, modification ou exploitation non autoris\u00e9e est interdite et susceptible de constituer une contrefa\u00e7on au sens des articles L. 335-2 et suivants du Code de la propri\u00e9t\u00e9 intellectuelle.<\/p>\n<p><strong>DONN\u00c9ES PERSONNELLES<\/strong><br \/>Aqua Saf s&#8217;engage \u00e0 mettre en oeuvre un traitement de vos donn\u00e9es personnelles respectueux de votre vie priv\u00e9e et conforme \u00e0 la l\u00e9gislation fran\u00e7aise et europ\u00e9enne en vigueur. Plus d&#8217;informations sur le traitement de vos donn\u00e9es sont disponibles \u00e0 cette adresse : <a href=\"mailto:contact@aquasaf.fr.\">contact@aquasaf.fr. <\/a><br \/>Vous reconnaissez en avoir pris connaissance pr\u00e9alablement \u00e0 toute utilisation du site.<\/p>\n<p>[\/et_pb_text][\/et_pb_column][\/et_pb_row][\/et_pb_section]<\/p>\n","protected":false},"excerpt":{"rendered":"<p>Notas Legales &nbsp; \u00c9DITEURLe site aquasaf.fr est \u00e9dit\u00e9 par Aqua Saf,Soci\u00e9t\u00e9 \u00e0 responsabilit\u00e9 limit\u00e9e au capital de 8 000 euros, immatricul\u00e9e au RCS de Chamb\u00e9ry sous le num\u00e9ro 453 005 159.Si\u00e8ge social : 341 rue du Solan 73370 LA CHAPELLE DU MONT DU CHATT\u00e9l\u00e9phone : +33 (0)6 76 77 20 85E-mail : contact@aquasaf.frDirecteur de publication [&hellip;]<\/p>\n","protected":false},"author":1,"featured_media":0,"parent":0,"menu_order":0,"comment_status":"closed","ping_status":"closed","template":"","meta":{"_seopress_robots_primary_cat":"","_seopress_titles_title":"","_seopress_titles_desc":"","_seopress_robots_index":"","_et_pb_use_builder":"on","_et_pb_old_content":"","_et_gb_content_width":"","footnotes":""},"class_list":["post-1052","page","type-page","status-publish","hentry"],"_links":{"self":[{"href":"https:\/\/aquasaf.fr\/es\/wp-json\/wp\/v2\/pages\/1052","targetHints":{"allow":["GET"]}}],"collection":[{"href":"https:\/\/aquasaf.fr\/es\/wp-json\/wp\/v2\/pages"}],"about":[{"href":"https:\/\/aquasaf.fr\/es\/wp-json\/wp\/v2\/types\/page"}],"author":[{"embeddable":true,"href":"https:\/\/aquasaf.fr\/es\/wp-json\/wp\/v2\/users\/1"}],"replies":[{"embeddable":true,"href":"https:\/\/aquasaf.fr\/es\/wp-json\/wp\/v2\/comments?post=1052"}],"version-history":[{"count":5,"href":"https:\/\/aquasaf.fr\/es\/wp-json\/wp\/v2\/pages\/1052\/revisions"}],"predecessor-version":[{"id":1057,"href":"https:\/\/aquasaf.fr\/es\/wp-json\/wp\/v2\/pages\/1052\/revisions\/1057"}],"wp:attachment":[{"href":"https:\/\/aquasaf.fr\/es\/wp-json\/wp\/v2\/media?parent=1052"}],"curies":[{"name":"wp","href":"https:\/\/api.w.org\/{rel}","templated":true}]}}